{"id":12,"date":"2025-09-03T18:28:27","date_gmt":"2025-09-03T18:28:27","guid":{"rendered":"https:\/\/royalpubadvertising.ro\/?page_id=12"},"modified":"2025-09-03T20:18:35","modified_gmt":"2025-09-03T20:18:35","slug":"prima-pagina","status":"publish","type":"page","link":"https:\/\/royalpubadvertising.ro\/","title":{"rendered":"Prima pagin\u0103"},"content":{"rendered":"\t\t<div data-elementor-type=\"wp-page\" data-elementor-id=\"12\" class=\"elementor elementor-12\">\n\t\t\t\t<div class=\"elementor-element elementor-element-238020e3 e-flex e-con-boxed e-con e-parent\" data-id=\"238020e3\" data-element_type=\"container\" data-e-type=\"container\">\n\t\t\t\t\t<div class=\"e-con-inner\">\n\t\t\t\t<div class=\"elementor-element elementor-element-4db29da3 elementor-widget elementor-widget-text-editor\" data-id=\"4db29da3\" data-element_type=\"widget\" data-e-type=\"widget\" data-widget_type=\"text-editor.default\">\n\t\t\t\t\t\t\t\t\t<p><strong><\/strong><\/p>\n<div class=\"wp-block-cover alignfull is-light\" style=\"min-height: 100vh;aspect-ratio:unset;\"><br \/>\n<div class=\"wp-block-cover__inner-container has-global-padding is-layout-constrained wp-block-cover-is-layout-constrained\"><strong><\/strong>\n<p class=\"has-text-align-center has-white-color has-text-color has-max-60-font-size\" style=\"font-style: normal; font-weight: 900; line-height: 1.2;\"><strong>ROYAL. PUB. ADVERTISING.<\/strong><\/p>\n<strong><\/strong>\n<p class=\"has-text-align-center has-white-color has-text-color has-medium-font-size\"><strong>Publicitatea este practica de a promova produse, servicii sau idei prin diferite canale pentru a influen\u021ba con\u0219tientizarea, atitudinile \u0219i ac\u021biunile oamenilor. Este unul dintre cele mai puternice instrumente de marketing.<\/strong><\/p>\n<strong><\/strong>\n<div class=\"wp-block-spacer\" style=\"height: 55px;\" aria-hidden=\"true\">\u00a0<\/div>\n<strong><\/strong><\/div>\n<\/div>\n<p><strong><\/strong><\/p>\n<div class=\"wp-block-group has-global-padding is-layout-constrained wp-block-group-is-layout-constrained\"><strong><\/strong>\n<div class=\"wp-block-spacer\" style=\"height: 57px;\" aria-hidden=\"true\">\u00a0<\/div>\n<strong><\/strong>\n<h2 class=\"wp-block-heading has-text-align-center has-medium-font-size\" style=\"letter-spacing: 1px;\"><strong>Suntem o agentie creativa localizata in Ploiesti<\/strong><\/h2>\n<strong><\/strong>\n<p class=\"has-text-align-left\"><strong>Obiectivele principale ale publicit\u0103\u021bii<\/strong><\/p>\n<strong><\/strong>\n<p class=\"has-text-align-left\"><strong>Con\u0219tientizare \u2013 s\u0103 faci oamenii s\u0103 \u0219tie c\u0103 brandul sau produsul t\u0103u exist\u0103.<\/strong><\/p>\n<strong><\/strong>\n<p><strong>Convingere \u2013 s\u0103 \u00eei determini s\u0103 cread\u0103 c\u0103 oferta ta este mai bun\u0103 dec\u00e2t alternativele.<\/strong><\/p>\n<strong><\/strong>\n<p><strong>Reamintire \u2013 s\u0103 p\u0103strezi brandul \u00een mintea consumatorilor, chiar dac\u0103 nu cump\u0103r\u0103 imediat.<\/strong><\/p>\n<strong><\/strong>\n<p class=\"has-text-align-left\"><strong>Ac\u021biune \u2013 s\u0103 generezi v\u00e2nz\u0103ri, \u00eenscrieri sau alte rezultate m\u0103surabile.<\/strong><\/p>\n<strong><\/strong>\n<div class=\"wp-block-buttons is-horizontal is-content-justification-center is-layout-flex wp-container-core-buttons-is-layout-03627597 wp-block-buttons-is-layout-flex\">\u00a0<\/div>\n<strong><\/strong>\n<div class=\"wp-block-spacer\" style=\"height: 57px;\" aria-hidden=\"true\">\u00a0<\/div>\n<strong><\/strong><\/div>\n<p><strong><\/strong><\/p>\n<div id=\"services\" class=\"wp-block-group alignfull pattern_multiple_covers has-background has-global-padding is-layout-constrained wp-block-group-is-layout-constrained\"><strong><\/strong>\n<div class=\"wp-block-spacer\" style=\"height: 84px;\" aria-hidden=\"true\">\u00a0<\/div>\n<strong><\/strong>\n<p class=\"has-text-align-left has-secondary-color has-text-color\" style=\"letter-spacing: 1px;\"><strong>HAI SA LUCRAM IMPREUNA!<\/strong><\/p>\n<strong><\/strong>\n<h2 class=\"wp-block-heading has-text-align-left\"><strong>SERVICIILE NOASTRE<\/strong><\/h2>\n<strong><\/strong>\n<p class=\"has-text-align-left\"><strong>Societatea noastra furnizeaza o gama completa de servicii de publicitate si de promovare,\u00a0inclusiv consultanta, servicii de creatie, inclusiv productia de material publicitar (spoturi\/video-uri publicitare, inclusiv audio, afise publicitare etc.), crearea reclamelor la televiziune, radio, pe Internet si alte mijloace media, publicitate aeriana, distribuire sau livrarea materialelor publicitare sau a mostrelor, desfasurarea campaniilor de marketing in cadrul showroom-urilor si altor diverse evenimente unde pot fi promovate diverse produse, servicii etc.<\/strong><\/p>\n<strong><\/strong>\n<div class=\"wp-block-spacer\" style=\"height: 46px;\" aria-hidden=\"true\">\u00a0<\/div>\n<strong><\/strong>\n<div class=\"wp-block-columns is-layout-flex wp-container-core-columns-is-layout-28f84493 wp-block-columns-is-layout-flex\"><strong><\/strong>\n<div class=\"wp-block-column is-layout-flow wp-block-column-is-layout-flow\" style=\"padding: 0;\"><strong><\/strong>\n<div class=\"wp-block-cover has-custom-content-position is-position-bottom-left\" style=\"padding: var(--wp--preset--spacing--small) var(--wp--preset--spacing--x-small) var(--wp--preset--spacing--small) var(--wp--preset--spacing--x-small);\"><strong><img decoding=\"async\" class=\"wp-block-cover__image-background wp-image-7392\" src=\"https:\/\/royalpubadvertising.ro\/wp-content\/themes\/inspiro\/assets\/images\/StockSnap_356BERTH29.jpg\" alt=\"\" data-object-fit=\"cover\" \/><\/strong>\n<div class=\"wp-block-cover__inner-container is-layout-flow wp-block-cover-is-layout-flow\"><strong><\/strong>\n<h3 class=\"wp-block-heading has-white-color has-text-color has-medium-font-size\" style=\"margin: 0;\"><strong>Media tradi\u021bional\u0103<\/strong><\/h3>\n<strong><\/strong>\n<p>\u00a0<\/p>\n<strong><\/strong>\n<p><strong>Spoturi TV<\/strong><\/p>\n<strong><\/strong>\n<p><strong>Reclame la radio<\/strong><\/p>\n<strong><\/strong>\n<p><strong>Anun\u021buri tip\u0103rite (ziare, reviste, pliante)<\/strong><\/p>\n<strong><\/strong>\n<p><strong>Panouri \u0219i publicitate outdoor<\/strong><\/p>\n<strong><\/strong><\/div>\n<\/div>\n<strong><\/strong><\/div>\n<strong><\/strong>\n<div class=\"wp-block-column is-layout-flow wp-block-column-is-layout-flow\" style=\"padding: 0;\"><strong><\/strong>\n<div class=\"wp-block-cover has-custom-content-position is-position-bottom-left\" style=\"padding: var(--wp--preset--spacing--small) var(--wp--preset--spacing--x-small) var(--wp--preset--spacing--small) var(--wp--preset--spacing--x-small);\"><strong><img decoding=\"async\" class=\"wp-block-cover__image-background wp-image-7394\" src=\"https:\/\/royalpubadvertising.ro\/wp-content\/themes\/inspiro\/assets\/images\/StockSnap_KV0WLH355C.jpg\" alt=\"\" data-object-fit=\"cover\" \/><\/strong>\n<div class=\"wp-block-cover__inner-container is-layout-flow wp-block-cover-is-layout-flow\"><strong><\/strong>\n<h3 class=\"wp-block-heading has-white-color has-text-color has-medium-font-size\" style=\"margin: 0;\"><strong>Media digital\u0103<\/strong><\/h3>\n<strong><\/strong>\n<p><strong>Reclame \u00een motoarele de c\u0103utare (Google Ads, Bing Ads)<\/strong><\/p>\n<strong><\/strong>\n<p><strong>Reclame pe re\u021bele sociale (Facebook, Instagram, TikTok, LinkedIn)<\/strong><\/p>\n<strong><\/strong>\n<p><strong>Bannere \u0219i reclame afi\u0219ate pe site-uri<\/strong><\/p>\n<strong><\/strong>\n<p><strong>Reclame video (YouTube, platforme de streaming)<\/strong><\/p>\n<strong><\/strong><\/div>\n<\/div>\n<strong><\/strong><\/div>\n<strong><\/strong>\n<div class=\"wp-block-column is-layout-flow wp-block-column-is-layout-flow\" style=\"padding: 0;\"><strong><\/strong>\n<div class=\"wp-block-cover has-custom-content-position is-position-bottom-left\" style=\"min-height: 430px;aspect-ratio:unset;\"><strong><img decoding=\"async\" class=\"wp-block-cover__image-background wp-image-7497\" src=\"https:\/\/royalpubadvertising.ro\/wp-content\/themes\/inspiro\/assets\/images\/StockSnap_M6D1GS9PSL.jpg\" alt=\"\" data-object-fit=\"cover\" \/><\/strong>\n<div class=\"wp-block-cover__inner-container is-layout-flow wp-block-cover-is-layout-flow\"><strong><\/strong>\n<p class=\"has-white-color has-text-color has-medium-font-size\"><strong>Alte canale<\/strong><\/p>\n<strong><\/strong>\n<p><strong>Parteneriate cu influenceri<\/strong><\/p>\n<strong><\/strong>\n<p><strong>Sponsoriz\u0103ri de evenimente<\/strong><\/p>\n<strong><\/strong>\n<p><strong>Plasare de produse \u00een filme\/seriale<\/strong><\/p>\n<strong><\/strong>\n<p><strong>Marketing de tip guerrilla (cascade creative, nea\u0219teptate)<\/strong><\/p>\n<strong><\/strong><\/div>\n<\/div>\n<strong><\/strong><\/div>\n<strong><\/strong><\/div>\n<strong><\/strong>\n<div class=\"wp-block-spacer\" style=\"height: 103px;\" aria-hidden=\"true\">\u00a0<\/div>\n<strong><\/strong><\/div>\n<p><strong><\/strong><\/p>\t\t\t\t\t\t\t\t<\/div>\n\t\t\t\t\t<\/div>\n\t\t\t\t<\/div>\n\t\t<div class=\"elementor-element elementor-element-30b5b80 e-flex e-con-boxed e-con e-parent\" data-id=\"30b5b80\" data-element_type=\"container\" data-e-type=\"container\" id=\"xs_testi_5\" data-settings=\"{&quot;background_background&quot;:&quot;classic&quot;}\">\n\t\t\t\t\t<div class=\"e-con-inner\">\n\t\t\t\t<div class=\"elementor-element elementor-element-695a0918 elementor-widget elementor-widget-elementskit-heading\" data-id=\"695a0918\" data-element_type=\"widget\" data-e-type=\"widget\" data-widget_type=\"elementskit-heading.default\">\n\t\t\t\t\t<div class=\"ekit-wid-con\" ><div class=\"ekit-heading elementskit-section-title-wraper text_center   ekit_heading_tablet-   ekit_heading_mobile-\"><h2 class=\"ekit-heading--title elementskit-section-title \">Start-UP Nation 2022<\/h2>\t\t\t\t<div class='ekit-heading__description'>\n\t\t\t\t\t<h5>DOT\u0102RI DIN FONDURI NERAMBURSABILE<br \/>DE PESTE 40.000 EURO<br \/>Sprijinul nerambursabil de 200.000 de lei venit din fondurile nerambursabile prin intermediul programului Start-Up Nation 2022 - Pilonul II Diaspora si achizitionarea unor echipamente de ultima generatie ne ajut\u0103 s\u0103 v\u0103 oferim urmatoarele servicii:<br \/>crearea \u0219i realizarea campaniilor publicitare:<br \/>crearea \u0219i plasarea reclamelor \u00een ziare, periodice, la radio \u0219i televiziune, pe Internet \u0219i alte mijloace ddd dd media<br \/>crearea \u0219i plasarea reclamelor \u00een aer liber, de exemplu afi\u0219e, panouri \u0219i cadre, proiectarea showroom-urilor \u0219i aplicarea de colante publicitare pe ma\u0219ini \u0219i autobuze<br \/>publicitatea aerian\u0103<br \/>distribuirea sau livrarea materialelor publicitare sau a mostrelor<br \/>creare de standuri, structuri \u0219i site-uri de afi\u0219are<br \/>desf\u0103\u0219urarea campaniilor de marketing \u0219i a altor servicii publicitare \u00een scopul atragerii \u0219i re\u021binerii clien\u021bilor:<br \/>promo\u021bii de produse<br \/>activit\u0103\u021bi de marketing prin punctele de v\u00e2nzare<br \/>publicitate direct\u0103 prin po\u0219t\u0103<\/h5>\n\t\t\t\t<\/div>\n\t\t\t<\/div><\/div>\t\t\t\t<\/div>\n\t\t\t\t\t<\/div>\n\t\t\t\t<\/div>\n\t\t\t\t<\/div>\n\t\t","protected":false},"excerpt":{"rendered":"<p>Suntem o agentie creativa localizata in Ploiesti Obiectivele principale ale publicit\u0103\u021bii Con\u0219tientizare \u2013 s\u0103 faci oamenii s\u0103 \u0219tie c\u0103 brandul sau produsul t\u0103u exist\u0103. Convingere \u2013 s\u0103 \u00eei determini s\u0103 cread\u0103 c\u0103 oferta ta este mai bun\u0103 dec\u00e2t alternativele. Reamintire \u2013 s\u0103 p\u0103strezi brandul \u00een mintea consumatorilor, chiar dac\u0103 nu cump\u0103r\u0103 imediat. Ac\u021biune \u2013 s\u0103 &hellip; <\/p>\n<p class=\"link-more\"><a href=\"https:\/\/royalpubadvertising.ro\/\" class=\"more-link\">Cite\u0219te mai multe<span class=\"screen-reader-text\">\u201ePrima pagin\u0103\u201d<\/span><\/a><\/p>\n","protected":false},"author":1,"featured_media":0,"parent":0,"menu_order":0,"comment_status":"closed","ping_status":"closed","template":"page-templates\/homepage-builder-bb.php","meta":{"footnotes":""},"class_list":["post-12","page","type-page","status-publish","hentry"],"_links":{"self":[{"href":"https:\/\/royalpubadvertising.ro\/index.php?rest_route=\/wp\/v2\/pages\/12","targetHints":{"allow":["GET"]}}],"collection":[{"href":"https:\/\/royalpubadvertising.ro\/index.php?rest_route=\/wp\/v2\/pages"}],"about":[{"href":"https:\/\/royalpubadvertising.ro\/index.php?rest_route=\/wp\/v2\/types\/page"}],"author":[{"embeddable":true,"href":"https:\/\/royalpubadvertising.ro\/index.php?rest_route=\/wp\/v2\/users\/1"}],"replies":[{"embeddable":true,"href":"https:\/\/royalpubadvertising.ro\/index.php?rest_route=%2Fwp%2Fv2%2Fcomments&post=12"}],"version-history":[{"count":26,"href":"https:\/\/royalpubadvertising.ro\/index.php?rest_route=\/wp\/v2\/pages\/12\/revisions"}],"predecessor-version":[{"id":103,"href":"https:\/\/royalpubadvertising.ro\/index.php?rest_route=\/wp\/v2\/pages\/12\/revisions\/103"}],"wp:attachment":[{"href":"https:\/\/royalpubadvertising.ro\/index.php?rest_route=%2Fwp%2Fv2%2Fmedia&parent=12"}],"curies":[{"name":"wp","href":"https:\/\/api.w.org\/{rel}","templated":true}]}}